{"id":11034,"date":"2024-01-11T13:22:36","date_gmt":"2024-01-11T16:22:36","guid":{"rendered":"https:\/\/lirolla.com.br\/vlog\/?page_id=11034"},"modified":"2024-03-13T12:56:38","modified_gmt":"2024-03-13T15:56:38","slug":"hits","status":"publish","type":"page","link":"https:\/\/lirolla.com.br\/vlog\/hits\/","title":{"rendered":"Hits"},"content":{"rendered":"\t\t<div data-elementor-type=\"wp-page\" data-elementor-id=\"11034\" class=\"elementor elementor-11034\">\n\t\t\t\t\t\t\t\t\t<section class=\"elementor-section elementor-top-section elementor-element elementor-element-f982c9a elementor-section-full_width elementor-section-height-default elementor-section-height-default\" data-id=\"f982c9a\" data-element_type=\"section\">\n\t\t\t\t\t\t<div class=\"elementor-container elementor-column-gap-no\">\n\t\t\t\t\t<div class=\"aux-parallax-section elementor-column elementor-col-100 elementor-top-column elementor-element elementor-element-90b8e6a\" data-id=\"90b8e6a\" data-element_type=\"column\">\n\t\t\t<div class=\"elementor-widget-wrap elementor-element-populated\">\n\t\t\t\t\t\t\t\t<div class=\"elementor-element elementor-element-a2f9738 elementor-widget elementor-widget-image\" data-id=\"a2f9738\" data-element_type=\"widget\" data-widget_type=\"image.default\">\n\t\t\t\t<div class=\"elementor-widget-container\">\n\t\t\t<style>\/*! elementor - v3.16.0 - 20-09-2023 *\/\n.elementor-widget-image{text-align:center}.elementor-widget-image a{display:inline-block}.elementor-widget-image a img[src$=\".svg\"]{width:48px}.elementor-widget-image img{vertical-align:middle;display:inline-block}<\/style>\t\t\t\t\t\t\t\t\t\t\t\t<img loading=\"lazy\" decoding=\"async\" width=\"1920\" height=\"600\" src=\"https:\/\/lirolla.com.br\/vlog\/wp-content\/uploads\/2024\/01\/musicas-vlog-do-lirolla.jpg\" class=\"attachment-full size-full wp-image-11039\" alt=\"musicas vlog do lirolla\" srcset=\"https:\/\/lirolla.com.br\/vlog\/wp-content\/uploads\/2024\/01\/musicas-vlog-do-lirolla.jpg 1920w, https:\/\/lirolla.com.br\/vlog\/wp-content\/uploads\/2024\/01\/musicas-vlog-do-lirolla-1536x480.jpg 1536w, https:\/\/lirolla.com.br\/vlog\/wp-content\/uploads\/2024\/01\/musicas-vlog-do-lirolla-200x63.jpg 200w\" sizes=\"auto, (max-width: 1920px) 100vw, 1920px\" \/>\t\t\t\t\t\t\t\t\t\t\t\t\t\t\t<\/div>\n\t\t\t\t<\/div>\n\t\t\t\t\t<\/div>\n\t\t<\/div>\n\t\t\t\t\t\t\t<\/div>\n\t\t<\/section>\n\t\t\t\t<section class=\"elementor-section elementor-top-section elementor-element elementor-element-1f8a9d8 elementor-section-boxed elementor-section-height-default elementor-section-height-default\" data-id=\"1f8a9d8\" data-element_type=\"section\">\n\t\t\t\t\t\t<div class=\"elementor-container elementor-column-gap-default\">\n\t\t\t\t\t<div class=\"aux-parallax-section elementor-column elementor-col-100 elementor-top-column elementor-element elementor-element-15d84f4\" data-id=\"15d84f4\" data-element_type=\"column\">\n\t\t\t<div class=\"elementor-widget-wrap elementor-element-populated\">\n\t\t\t\t\t\t\t\t<div class=\"elementor-element elementor-element-c171cfc elementor-widget elementor-widget-heading\" data-id=\"c171cfc\" data-element_type=\"widget\" data-widget_type=\"heading.default\">\n\t\t\t\t<div class=\"elementor-widget-container\">\n\t\t\t<style>\/*! elementor - v3.16.0 - 20-09-2023 *\/\n.elementor-heading-title{padding:0;margin:0;line-height:1}.elementor-widget-heading .elementor-heading-title[class*=elementor-size-]>a{color:inherit;font-size:inherit;line-height:inherit}.elementor-widget-heading .elementor-heading-title.elementor-size-small{font-size:15px}.elementor-widget-heading .elementor-heading-title.elementor-size-medium{font-size:19px}.elementor-widget-heading .elementor-heading-title.elementor-size-large{font-size:29px}.elementor-widget-heading .elementor-heading-title.elementor-size-xl{font-size:39px}.elementor-widget-heading .elementor-heading-title.elementor-size-xxl{font-size:59px}<\/style><h2 class=\"elementor-heading-title elementor-size-default\">Descubra a Harmonia Sustent\u00e1vel: Playlists EcoKids e EcoVibes<\/h2>\t\t<\/div>\n\t\t\t\t<\/div>\n\t\t\t\t\t<\/div>\n\t\t<\/div>\n\t\t\t\t\t\t\t<\/div>\n\t\t<\/section>\n\t\t\t\t<section class=\"elementor-section elementor-top-section elementor-element elementor-element-e5c47a1 elementor-section-boxed elementor-section-height-default elementor-section-height-default\" data-id=\"e5c47a1\" data-element_type=\"section\">\n\t\t\t\t\t\t<div class=\"elementor-container elementor-column-gap-default\">\n\t\t\t\t\t<div class=\"aux-parallax-section elementor-column elementor-col-100 elementor-top-column elementor-element elementor-element-3184086\" data-id=\"3184086\" data-element_type=\"column\">\n\t\t\t<div class=\"elementor-widget-wrap elementor-element-populated\">\n\t\t\t\t\t\t\t\t<div class=\"elementor-element elementor-element-793ae43 elementor-widget elementor-widget-text-editor\" data-id=\"793ae43\" data-element_type=\"widget\" data-widget_type=\"text-editor.default\">\n\t\t\t\t<div class=\"elementor-widget-container\">\n\t\t\t<style>\/*! elementor - v3.16.0 - 20-09-2023 *\/\n.elementor-widget-text-editor.elementor-drop-cap-view-stacked .elementor-drop-cap{background-color:#69727d;color:#fff}.elementor-widget-text-editor.elementor-drop-cap-view-framed .elementor-drop-cap{color:#69727d;border:3px solid;background-color:transparent}.elementor-widget-text-editor:not(.elementor-drop-cap-view-default) .elementor-drop-cap{margin-top:8px}.elementor-widget-text-editor:not(.elementor-drop-cap-view-default) .elementor-drop-cap-letter{width:1em;height:1em}.elementor-widget-text-editor .elementor-drop-cap{float:left;text-align:center;line-height:1;font-size:50px}.elementor-widget-text-editor .elementor-drop-cap-letter{display:inline-block}<\/style>\t\t\t\t<p>Ol\u00e1, amantes da natureza e da boa m\u00fasica!<\/p><p>Bem-vindos \u00e0 nossa vibrante esfera de conscientiza\u00e7\u00e3o ambiental, onde a melodia encontra o prop\u00f3sito. Apresentamos duas playlists feitas com carinho para diferentes audi\u00eancias, cada uma unindo a paix\u00e3o pela m\u00fasica \u00e0 urg\u00eancia de preservar o nosso amado litoral norte de S\u00e3o Paulo.<\/p>\t\t\t\t\t\t<\/div>\n\t\t\t\t<\/div>\n\t\t\t\t\t<\/div>\n\t\t<\/div>\n\t\t\t\t\t\t\t<\/div>\n\t\t<\/section>\n\t\t\t\t<section class=\"elementor-section elementor-top-section elementor-element elementor-element-931c51e elementor-section-content-middle elementor-section-boxed elementor-section-height-default elementor-section-height-default\" data-id=\"931c51e\" data-element_type=\"section\" data-settings=\"{&quot;background_background&quot;:&quot;gradient&quot;}\">\n\t\t\t\t\t\t<div class=\"elementor-container elementor-column-gap-default\">\n\t\t\t\t\t<div class=\"aux-parallax-section elementor-column elementor-col-33 elementor-top-column elementor-element elementor-element-5855884\" data-id=\"5855884\" data-element_type=\"column\">\n\t\t\t<div class=\"elementor-widget-wrap elementor-element-populated\">\n\t\t\t\t\t\t\t\t<div class=\"elementor-element elementor-element-6933a52 elementor-widget elementor-widget-text-editor\" data-id=\"6933a52\" data-element_type=\"widget\" data-widget_type=\"text-editor.default\">\n\t\t\t\t<div class=\"elementor-widget-container\">\n\t\t\t\t\t\t\t<p><strong>Playlist EcoKids:<\/strong><\/p><p>Para os pequenos ecoexploradores, nossa EcoKids \u00e9 uma jornada musical encantadora. Repleta de can\u00e7\u00f5es animadas, rimas educativas e melodias que celebram a magia da natureza, esta playlist \u00e9 um convite para aprender, dan\u00e7ar e se conectar com o mundo ao nosso redor.<\/p><p><strong>Playlist EcoVibes:<\/strong><\/p><p>Para os cora\u00e7\u00f5es mais maduros, nossa EcoVibes \u00e9 uma sinfonia de consci\u00eancia ambiental. Com m\u00fasicas inspiradoras e letras que ecoam a import\u00e2ncia de cuidar do nosso ambiente, esta playlist \u00e9 um lembrete mel\u00f3dico de que cada nota contribui para a harmonia do nosso planeta.<\/p><p>Descubra a beleza da natureza atrav\u00e9s da m\u00fasica. Explore as playlists, compartilhe com amigos e familiares, e junte-se a n\u00f3s nessa jornada sonora pela sustentabilidade.<\/p><p>Sintonize-se na EcoKids e EcoVibes agora. \ud83c\udfb6\ud83c\udf3f<\/p><p><em>Preserve. Ame. Cuide.<\/em><\/p>\t\t\t\t\t\t<\/div>\n\t\t\t\t<\/div>\n\t\t\t\t\t<\/div>\n\t\t<\/div>\n\t\t\t\t<div class=\"aux-parallax-section elementor-column elementor-col-33 elementor-top-column elementor-element elementor-element-5252628\" data-id=\"5252628\" data-element_type=\"column\">\n\t\t\t<div class=\"elementor-widget-wrap elementor-element-populated\">\n\t\t\t\t\t\t\t\t<div class=\"elementor-element elementor-element-47b954b elementor-widget__width-initial elementor-widget elementor-widget-image\" data-id=\"47b954b\" data-element_type=\"widget\" data-widget_type=\"image.default\">\n\t\t\t\t<div class=\"elementor-widget-container\">\n\t\t\t\t\t\t\t\t\t\t\t\t\t\t\t\t<a href=\"https:\/\/www.youtube.com\/watch?v=AaNbCGcakbg&#038;list=PLETnFOhX0iVwfpFqtTTmhTPpxFhBjPA2-\" target=\"_blank\">\n\t\t\t\t\t\t\t<img loading=\"lazy\" decoding=\"async\" width=\"1080\" height=\"1920\" src=\"https:\/\/lirolla.com.br\/vlog\/wp-content\/uploads\/2024\/03\/musicas-@vlogdolirolla-1.jpg\" class=\"attachment-full size-full wp-image-11504\" alt=\"m\u00fasicas @vlogdolirolla\" srcset=\"https:\/\/lirolla.com.br\/vlog\/wp-content\/uploads\/2024\/03\/musicas-@vlogdolirolla-1.jpg 1080w, https:\/\/lirolla.com.br\/vlog\/wp-content\/uploads\/2024\/03\/musicas-@vlogdolirolla-1-864x1536.jpg 864w, https:\/\/lirolla.com.br\/vlog\/wp-content\/uploads\/2024\/03\/musicas-@vlogdolirolla-1-200x356.jpg 200w\" sizes=\"auto, (max-width: 1080px) 100vw, 1080px\" \/>\t\t\t\t\t\t\t\t<\/a>\n\t\t\t\t\t\t\t\t\t\t\t\t\t\t\t<\/div>\n\t\t\t\t<\/div>\n\t\t\t\t\t<\/div>\n\t\t<\/div>\n\t\t\t\t<div class=\"aux-parallax-section elementor-column elementor-col-33 elementor-top-column elementor-element elementor-element-bc93395\" data-id=\"bc93395\" data-element_type=\"column\">\n\t\t\t<div class=\"elementor-widget-wrap elementor-element-populated\">\n\t\t\t\t\t\t\t\t<div class=\"elementor-element elementor-element-e00b343 elementor-widget elementor-widget-image\" data-id=\"e00b343\" data-element_type=\"widget\" data-widget_type=\"image.default\">\n\t\t\t\t<div class=\"elementor-widget-container\">\n\t\t\t\t\t\t\t\t\t\t\t\t\t\t\t\t<a href=\"https:\/\/www.youtube.com\/watch?v=JgJQsonCUiU&#038;list=PLETnFOhX0iVxoFuR67ahSJ3qo7NcRSexR\" target=\"_blank\">\n\t\t\t\t\t\t\t<img loading=\"lazy\" decoding=\"async\" width=\"1080\" height=\"1920\" src=\"https:\/\/lirolla.com.br\/vlog\/wp-content\/uploads\/2024\/03\/Musicas-Ecokids.jpg\" class=\"attachment-full size-full wp-image-11502\" alt=\"M\u00fasicas Ecokids\" srcset=\"https:\/\/lirolla.com.br\/vlog\/wp-content\/uploads\/2024\/03\/Musicas-Ecokids.jpg 1080w, https:\/\/lirolla.com.br\/vlog\/wp-content\/uploads\/2024\/03\/Musicas-Ecokids-864x1536.jpg 864w, https:\/\/lirolla.com.br\/vlog\/wp-content\/uploads\/2024\/03\/Musicas-Ecokids-200x356.jpg 200w\" sizes=\"auto, (max-width: 1080px) 100vw, 1080px\" \/>\t\t\t\t\t\t\t\t<\/a>\n\t\t\t\t\t\t\t\t\t\t\t\t\t\t\t<\/div>\n\t\t\t\t<\/div>\n\t\t\t\t\t<\/div>\n\t\t<\/div>\n\t\t\t\t\t\t\t<\/div>\n\t\t<\/section>\n\t\t\t\t\t\t\t<\/div>\n\t\t","protected":false},"excerpt":{"rendered":"<p>Descubra a Harmonia Sustent\u00e1vel: Playlists EcoKids e EcoVibes<\/p>\n","protected":false},"author":1,"featured_media":11064,"parent":0,"menu_order":0,"comment_status":"closed","ping_status":"closed","template":"","meta":{"om_disable_all_campaigns":false,"_kadence_starter_templates_imported_post":false,"footnotes":""},"class_list":["post-11034","page","type-page","status-publish","has-post-thumbnail","hentry"],"_links":{"self":[{"href":"https:\/\/lirolla.com.br\/vlog\/wp-json\/wp\/v2\/pages\/11034","targetHints":{"allow":["GET"]}}],"collection":[{"href":"https:\/\/lirolla.com.br\/vlog\/wp-json\/wp\/v2\/pages"}],"about":[{"href":"https:\/\/lirolla.com.br\/vlog\/wp-json\/wp\/v2\/types\/page"}],"author":[{"embeddable":true,"href":"https:\/\/lirolla.com.br\/vlog\/wp-json\/wp\/v2\/users\/1"}],"replies":[{"embeddable":true,"href":"https:\/\/lirolla.com.br\/vlog\/wp-json\/wp\/v2\/comments?post=11034"}],"version-history":[{"count":30,"href":"https:\/\/lirolla.com.br\/vlog\/wp-json\/wp\/v2\/pages\/11034\/revisions"}],"predecessor-version":[{"id":11686,"href":"https:\/\/lirolla.com.br\/vlog\/wp-json\/wp\/v2\/pages\/11034\/revisions\/11686"}],"wp:featuredmedia":[{"embeddable":true,"href":"https:\/\/lirolla.com.br\/vlog\/wp-json\/wp\/v2\/media\/11064"}],"wp:attachment":[{"href":"https:\/\/lirolla.com.br\/vlog\/wp-json\/wp\/v2\/media?parent=11034"}],"curies":[{"name":"wp","href":"https:\/\/api.w.org\/{rel}","templated":true}]}}