{"id":3,"date":"2021-12-29T08:58:48","date_gmt":"2021-12-29T08:58:48","guid":{"rendered":"https:\/\/lirolla.com.br\/vlog\/?page_id=3"},"modified":"2023-02-06T17:39:24","modified_gmt":"2023-02-06T20:39:24","slug":"politica-privaciade","status":"publish","type":"page","link":"https:\/\/lirolla.com.br\/vlog\/politica-privaciade\/","title":{"rendered":"Politica de Privacidade"},"content":{"rendered":"<p>Pol\u00edtica Privacidade | vlogdoLirolla<\/p>\n<p>A Pol\u00edtica de Privacidade da Empresa foi atualizada em Julho de 2022.<\/p>\n<p>Com o objetivo de proteger os direitos fundamentais de liberdade e de privacidade e o livre desenvolvimento da personalidade da pessoa natural, a Empresa vlogdoLirolla elaborou a presente Pol\u00edtica de Privacidade, observadas as disposi\u00e7\u00f5es da Lei Geral de Prote\u00e7\u00e3o de Dados Pessoais (LGPD) \u2013 Lei n\u00b0 13.709\/2018.<\/p>\n<div class=\"elementor elementor-3010\" data-elementor-type=\"wp-page\" data-elementor-id=\"3010\">\n<div class=\"elementor-inner\">\n<div class=\"elementor-section-wrap\">\n<section class=\"elementor-section elementor-top-section elementor-element elementor-element-63f4b53 elementor-section-boxed elementor-section-height-default elementor-section-height-default\" data-id=\"63f4b53\" data-element_type=\"section\">\n<div class=\"elementor-container elementor-column-gap-default\">\n<div class=\"elementor-row\">\n<div class=\"elementor-column elementor-col-100 elementor-top-column elementor-element elementor-element-981c80c\" data-id=\"981c80c\" data-element_type=\"column\">\n<div class=\"elementor-column-wrap elementor-element-populated\">\n<div class=\"elementor-widget-wrap\">\n<div class=\"elementor-element elementor-element-3a4bad8 elementor-widget elementor-widget-text-editor\" data-id=\"3a4bad8\" data-element_type=\"widget\" data-widget_type=\"text-editor.default\">\n<div class=\"elementor-widget-container\">\n<div class=\"elementor-text-editor elementor-clearfix\">\n<p>Para n\u00f3s \u00e9 importante ser transparente sobre o tratamento dos dados pessoais dos Usu\u00e1rios que utilizam os Servi\u00e7os oferecidos pela Empresa, nos termos do Artigo 9\u00ba da LGPD.<\/p>\n<p>Esta Pol\u00edtica se aplica quando o Usu\u00e1rio utiliza os nossos Servi\u00e7os.<\/p>\n<\/div>\n<\/div>\n<\/div>\n<\/div>\n<\/div>\n<\/div>\n<\/div>\n<\/div>\n<\/section>\n<section class=\"elementor-section elementor-top-section elementor-element elementor-element-ec751e0 elementor-section-boxed elementor-section-height-default elementor-section-height-default\" data-id=\"ec751e0\" data-element_type=\"section\">\n<div class=\"elementor-container elementor-column-gap-default\">\n<div class=\"elementor-row\">\n<div class=\"elementor-column elementor-col-100 elementor-top-column elementor-element elementor-element-5eaaf88\" data-id=\"5eaaf88\" data-element_type=\"column\">\n<div class=\"elementor-column-wrap elementor-element-populated\">\n<div class=\"elementor-widget-wrap\">\n<div class=\"elementor-element elementor-element-0075136 elementor-widget elementor-widget-text-editor\" data-id=\"0075136\" data-element_type=\"widget\" data-widget_type=\"text-editor.default\">\n<div class=\"elementor-widget-container\">\n<div class=\"elementor-text-editor elementor-clearfix\">\n<h2>VERACIDADE DAS INFORMA\u00c7\u00d5ES<\/h2>\n<p>Toda e qualquer informa\u00e7\u00e3o prestada pelo Usu\u00e1rio \u00e0 Empresa, principalmente seus dados pessoais, dever\u00e3o ser ver\u00eddicos e n\u00e3o podem violar a legisla\u00e7\u00e3o brasileira, principalmente \u00e0 LGPD.<\/p>\n<p>Caso a Empresa verifique que as informa\u00e7\u00f5es fornecidas sejam inver\u00eddicas, esta poder\u00e1 excluir os dados pessoais, bem como encerrar a conta deste Usu\u00e1rio.<\/p>\n<h2>O QUE S\u00c3O DADOS PESSOAIS E DADOS SENS\u00cdVEIS?<\/h2>\n<p>Vamos entender qual o objeto de prote\u00e7\u00e3o desta Pol\u00edtica.<\/p>\n<p>Em primeiro lugar, \u00e9 importante saber que os \u201cDADOS PESSOAIS\u201d s\u00e3o informa\u00e7\u00f5es que podem ser usadas para identificar uma pessoa natural (f\u00edsica), sendo assim, dados de empresas (pessoas jur\u00eddicas) como raz\u00e3o social e CNPJ n\u00e3o s\u00e3o abarcados por esta pol\u00edtica.<\/p>\n<p>Os \u201cDADOS PESSOAIS SENS\u00cdVEIS\u201d, de acordo com a LGPD, consistem em informa\u00e7\u00f5es sobre origem racial ou \u00e9tnica, convic\u00e7\u00e3o religiosa, opini\u00e3o pol\u00edtica, filia\u00e7\u00e3o a sindicato ou organiza\u00e7\u00e3o de car\u00e1ter religioso, filos\u00f3fico ou pol\u00edtico, ou at\u00e9 mesmo dado referente \u00e0 sa\u00fade ou \u00e0 vida sexual, dado gen\u00e9tico ou biom\u00e9trico, e tamb\u00e9m s\u00e3o abarcados nesta pol\u00edtica.<\/p>\n<h2>EMPRESA COMO CONTROLADORA<\/h2>\n<p>\u00c9 importante informar que a Empresa figura como Controladora dos Dados Pessoais coletados. Mas o que isso significa?<\/p>\n<p>De acordo com a LGPD, a Empresa \u00e9 respons\u00e1vel por tomar as decis\u00f5es referentes ao tratamento dos Dados Pessoais de seus Usu\u00e1rios.<\/p>\n<h2>QUAIS TIPOS DE DADOS PESSOAIS S\u00c3O COLETADOS PELA EMPRESA?<\/h2>\n<p>Considerando que a Empresa oferece seus Servi\u00e7os por meio de um site, \u00e9 necess\u00e1rio que a pessoa interessada em utilizar os Servi\u00e7os da Empresa, em primeiro lugar, realize um preenchimento de formul\u00e1rios.<\/p>\n<p>No Cadastro do Usu\u00e1rio s\u00e3o coletados os seguintes Dados Pessoais:<\/p>\n<p>nome;<br \/>\nwhatsapp;<br \/>\ne-email; e<br \/>\num texto livre caso o mesmo queira enviar algum outro tipo de informa\u00e7\u00e3o que ele julgue relevante.<\/p>\n<p>Referidos Dados Pessoais s\u00e3o coletados com a finalidade de identificar qual o contexto do Usu\u00e1rio em rela\u00e7\u00e3o ao assunto, de forma a permitir que a Empresa consiga oferecer conte\u00fado espec\u00edfico e apresentar Usu\u00e1rios com o mesmo perfil e as mesmas necessidades.<\/p>\n<p>O nome \u00e9 importante para identificar a pessoa do Usu\u00e1rio; o whastapp e e-mail \u00e9 utilizado para retornar os contato solicitado.<\/p>\n<p>\u00c9 importante informar que os Dados Pessoais acima elencados s\u00e3o tratados, apenas e t\u00e3o somente, com a finalidade de identificar o usu\u00e1rio e otimizar sua experi\u00eancia com o uso do aplicativo.<\/p>\n<h2>POR QUE A EMPRESA TRATA OS DADOS PESSOAIS DOS USU\u00c1RIOS?<\/h2>\n<p>O Cadastro de Usu\u00e1rio se submete \u00e0 hip\u00f3tese legal de execu\u00e7\u00e3o do Contrato, ou seja, s\u00f3 \u00e9 poss\u00edvel a Empresa executar os Servi\u00e7os contratados se o Usu\u00e1rio realizar o Cadastro de Usu\u00e1rio.<\/p>\n<p>Neste cen\u00e1rio, aplica-se o inciso VI do Artigo 7\u00ba da LGPD.<\/p>\n<h2>A EMPRESA TAMB\u00c9M PODE COLETAR DADOS PESSOAIS SENS\u00cdVEIS?<\/h2>\n<p>Como o objeto da Empresa \u00e9 compartilhar conhecimentos atrav\u00e9s de artigos e oferecer presta\u00e7\u00e3o de servi\u00e7os, n\u00e3o coletamos dados pessoais sens\u00edveis.<\/p>\n<h2>COMO A EMPRESA ARMAZENA OS DADOS PESSOAIS?<\/h2>\n<p>A Empresa utiliza os servi\u00e7os da Empresa Datacom Solu\u00e7\u00f5es (https:\/\/datacomsolucoes.com.br) para armazenar e hospedar seu site, utilizando a infraestrutura da Locaweb. A Datacom Solu\u00e7\u00f5es trata os dados pessoais nos termos da LGPD, conforme previsto em sua Pol\u00edtica de Privacidade dispon\u00edvel no site https:\/\/www.datacomsolucoes.com.br\/centro-de-privacidade\/politica-de-privacidade\/.<\/p>\n<h2>A EMPRESA PODE REALIZAR PROCESSAMENTO AUTOM\u00c1TICO?<\/h2>\n<p>A Empresa utiliza as informa\u00e7\u00f5es e os dados que o Usu\u00e1rio forneceu para fazer recomenda\u00e7\u00f5es de conex\u00f5es, conte\u00fados e recursos que possam ser \u00fateis para o Usu\u00e1rio.<\/p>\n<p>Por exemplo, s\u00e3o utilizados dados e informa\u00e7\u00f5es a respeito do Usu\u00e1rio para recomendar conex\u00f5es de outros Usu\u00e1rios e recomendar conte\u00fado adequado.<\/p>\n<p>O Usu\u00e1rio deve manter seu perfil atualizado e correto ajudar\u00e1 a tornar essas recomenda\u00e7\u00f5es mais precisas e relevantes.<\/p>\n<h2>QUAL A DURA\u00c7\u00c3O DO TRATAMENTO DE DADOS PESSOAIS PELA EMPRESA?<\/h2>\n<p>Os Dados Pessoais e os Dados Pessoais Sens\u00edveis mencionados nesta Pol\u00edtica ser\u00e3o tratados durante a execu\u00e7\u00e3o dos Servi\u00e7os oferecidos pela Empresa.<\/p>\n<p>Ap\u00f3s o encerramento dos Servi\u00e7os, por qualquer motivo, os Dados Pessoais permanecer\u00e3o armazenados pela Empresa pelo per\u00edodo de at\u00e9 3 anos.<\/p>\n<p>Tal per\u00edodo leva em considera\u00e7\u00e3o o prazo prescricional previsto no inciso V do \u00a7 3\u00ba do Artigo 206 do C\u00f3digo Civil. Portanto, a conserva\u00e7\u00e3o dos Dados Pessoais por tal per\u00edodo, mesmo ap\u00f3s o fim do per\u00edodo de tratamento pela Empresa, observa a hip\u00f3tese prevista no inciso I do Artigo 16 da LGPD.<\/p>\n<p>Ap\u00f3s referido prazo, a Empresa eliminar\u00e1 de seu reposit\u00f3rio os Dados\u00a0Pessoais do Usu\u00e1rio.<\/p>\n<h2>COMO A EMPRESA GARANTE A SEGURAN\u00c7A DAS INFORMA\u00c7\u00d5ES?<\/h2>\n<p>Conforme previsto nos incisos VII e VIII do Artigo 6\u00ba da LGPD, que tratam do princ\u00edpio da seguran\u00e7a e preven\u00e7\u00e3o, respectivamente, a Empresa utiliza os mais modernos recursos existentes na \u00e1rea de seguran\u00e7a da informa\u00e7\u00e3o para o ambiente da internet, garantindo assim seu acesso de forma segura.<\/p>\n<p>As informa\u00e7\u00f5es\u00a0transmitidas entre O Usu\u00e1rio e a Empresa passam por um processo de criptografia utilizando o SSL (Secure Sockets Layer), permitindo a decodifica\u00e7\u00e3o dos dados, de forma leg\u00edvel, apenas para o Usu\u00e1rio e para nosso site.<\/p>\n<p>Assim, a cada acesso realizado, essa chave de seguran\u00e7a n\u00e3o pode ser decifrada por terceiros, sendo de uso exclusivo do site do vlog.lirolla.com.br. Essa chave \u00e9 a garantia de que o Usu\u00e1rio est\u00e1 operando em sistema seguro.<\/p>\n<h2>QUAIS S\u00c3O OS BROWSERS COMPAT\u00cdVEIS COM A SEGURAN\u00c7A DA INFORMA\u00c7\u00c3O DA EMPRESA?<\/h2>\n<p>A utiliza\u00e7\u00e3o de determinados browsers pode criar incompatibilidade com o sistema de seguran\u00e7a e recursos utilizados pela Empresa.<\/p>\n<p>Os browsers mais adequados para navegar s\u00e3o sempre os navegadores mais modernos e conhecidos (Google Chrome, Mozilla Firefox, Microsoft Edge).<\/p>\n<p>Os browsers devem ser adquiridos com distribuidores autorizados, que podem garantir a autenticidade do software. Alguns distribuidores fornecem os browsers atrav\u00e9s da pr\u00f3pria internet, por meio de download.<\/p>\n<p>Todos os problemas referentes ao browser devem ser reportados aos seus respectivos fornecedores ou distribuidores.<\/p>\n<p>A Empresa n\u00e3o se responsabiliza por problemas causados pelo browser, ou por problemas oriundos da utiliza\u00e7\u00e3o de browser incompat\u00edvel com navega\u00e7\u00e3o segura.<\/p>\n<p>Tamb\u00e9m n\u00e3o nos responsabilizamos pela n\u00e3o realiza\u00e7\u00e3o de opera\u00e7\u00f5es que sejam decorrentes de fatos, atos ou omiss\u00f5es ocasionados por outros prestadores de servi\u00e7os contratados pelo Usu\u00e1rio, tais como prestadores de servi\u00e7os de telecomunica\u00e7\u00e3o, inclusive transmiss\u00e3o de dados via cabo ou fibras \u00f3ticas, provedores de acesso \u00e0 Internet ou, ainda, por falhas do terminal de acesso \u00e0 Internet do Usu\u00e1rio, entre outros.<\/p>\n<h2>A EMPRESA UTILIZA COOKIES?<\/h2>\n<p>A Empresa coleta dados que identifiquem sua visita no site para lhe oferecer uma experi\u00eancia melhor e personalizada, al\u00e9m de algumas informa\u00e7\u00f5es, como tipo de navegador, resolu\u00e7\u00e3o da tela e data de acesso, obtidos por meio de relat\u00f3rios gerados via logs, rotinas javascript e cookies, este \u00faltimo tamb\u00e9m utilizado em relat\u00f3rios estat\u00edsticos para aperfei\u00e7oamento da navega\u00e7\u00e3o, dos servi\u00e7os oferecidos e para contagem do n\u00famero de visitantes e acessos, facilitando assim a defini\u00e7\u00e3o do parque tecnol\u00f3gico instalado para o site.<\/p>\n<p>Caso o Usu\u00e1rio preencha voluntariamente algum formul\u00e1rio em nosso site, essas informa\u00e7\u00f5es somente ser\u00e3o usadas para o prop\u00f3sito com o qual elas foram preenchidas e que est\u00e3o esclarecidas na p\u00e1gina de cada cadastro. Sob nenhuma circunst\u00e2ncia seus dados ser\u00e3o fornecidos ou vendidos a terceiros.<\/p>\n<h2>A EMPRESA UTILIZA SEUS DADOS PARA FINS DE MARKETING?<\/h2>\n<p>O site do vlog.Lirolla.com.br n\u00e3o aceitam e nem fazem publicidade de outras marcas ou somente de parceiros. Os conte\u00fados exibidos em suas p\u00e1ginas s\u00e3o de finalidade editorial e car\u00e1ter informativo.<\/p>\n<p>Os banners existentes s\u00e3o apenas para dar mais \u00eanfase aos conte\u00fados que merecem maior aten\u00e7\u00e3o dos nossos Usu\u00e1rios.<\/p>\n<h2>A EMPRESA COMPARTILHA OS DADOS COLETADOS COM TERCEIROS?<\/h2>\n<p>Observado o inciso V do Artigo 9\u00ba da LGPD, a Empresa informa que n\u00e3o compartilha, vende, aluga ou divulga qualquer informa\u00e7\u00e3o de seus Usu\u00e1rios.<\/p>\n<p>Faz-se saber que a Empresa utiliza o Google Analytics, uma ferramenta de an\u00e1lise de dados da internet (web analytics), para acompanhar os dados de audi\u00eancia do aplicativo e entender como os visitantes interagem e navegam por nossas p\u00e1ginas.<\/p>\n<p>O Google Analytics coleta informa\u00e7\u00f5es de forma an\u00f4nima, ou seja, relata as tend\u00eancias do site, como p\u00e1ginas visitadas, tempo de perman\u00eancia no site, entre outras informa\u00e7\u00f5es, sem identificar visitantes individuais.<\/p>\n<p>Portanto, os dados pessoais compartilhados pelo Google Analytics com a Empresa s\u00e3o anonimizados, nos termos do inciso III do Artigo 5\u00ba da LGPD.<\/p>\n<p>Neste sentido, n\u00e3o se aplica a LGPD, conforme previsto no seu Artigo 12.<\/p>\n<p>Vale ressaltar que nenhuma informa\u00e7\u00e3o pessoal, como nome, e-mail ou telefone, \u00e9 recolhida pelo Google Analytics.<\/p>\n<p>Mais detalhes sobre a pol\u00edtica de privacidade do Google Analytics pode ser encontrada aqui http:\/\/www.google.com\/intl\/en_uk\/analytics\/privacyoverview.html<\/p>\n<h2>SERVI\u00c7OS QUE COLETAM DADOS DO SITE DO VLOG.LIROLLA.COM&gt;BR.<\/h2>\n<p>Google Analytics<br \/>\nGoogle Tag Manager<br \/>\nGoogle Ads<\/p>\n<p>O site do vlog.Lirolla.com.br esta hospedado e armazenar todas suas aplica\u00e7\u00f5es, utilizando a infraestrutura de Clould Server da Empresa Datacom Solu\u00e7\u00f5es, instalado no parque tecnologico da Locaweb.<\/p>\n<p>Neste sentido, tanto a Empresa Datacom Solu\u00e7\u00f5es como a Locaweb poder\u00e3o ter acesso a determinadas informa\u00e7\u00f5es inseridas no site do vlog.Lirolla.com.br.<\/p>\n<p>Fica consignado que tais empresas s\u00f3 acessar\u00e3o os dados pessoais inseridos no site do vlog.Lirolla.com.br, se necess\u00e1rio, e nos estritos termos previstos na LGPD.<\/p>\n<h2>DO DIREITO DO USU\u00c1RIO, COMO TITULAR DOS DADOS PESSOAIS<\/h2>\n<p>Conforme previsto no Artigo 18 da LGPD, \u00e9 assegurado ao Usu\u00e1rio, a qualquer momento, mediante requisi\u00e7\u00e3o \u00e0 Empresa por meio do e-mail dpo@lirolla.com.br, requerer:<\/p>\n<p>\u2022 Confirma\u00e7\u00e3o da exist\u00eancia de tratamento dos Dados Pessoais;<br \/>\n\u2022 Acesso aos Dados Pessoais os quais a Empresa trata;<br \/>\n\u2022 Corre\u00e7\u00e3o de dados incompletos, inexatos ou desatualizados;<br \/>\n\u2022 Anonimiza\u00e7\u00e3o, bloqueio ou elimina\u00e7\u00e3o de dados desnecess\u00e1rios, excessivos ou tratados em desconformidade com a LGPD;<br \/>\n\u2022 Portabilidade dos dados a outro fornecedor;<br \/>\n\u2022 Elimina\u00e7\u00e3o do Dados<\/p>\n<p>Pessoais tratados com o consentimento do Usu\u00e1rio, exceto nas hip\u00f3teses previstas no Artigo 16 da LGPD;<\/p>\n<p>\u2022 Informa\u00e7\u00e3o das entidades p\u00fablicas e privadas com as quais a Empresa realizou uso compartilhado de dados;<br \/>\n\u2022 Informa\u00e7\u00e3o sobre a possibilidade de n\u00e3o fornecer consentimento e sobre as consequ\u00eancias negativa; e<br \/>\n\u2022 Revoga\u00e7\u00e3o do consentimento, quando aplic\u00e1vel.<\/p>\n<p>Caso o Usu\u00e1rio queira ter a confirma\u00e7\u00e3o de exist\u00eancia ou o acesso aos seus Dados Pessoais, o Empresa providenciar\u00e1 em at\u00e9 5 dias \u00fateis, contado da data do requerimento do Usu\u00e1rio, tais informa\u00e7\u00f5es em formato simplificado; e em at\u00e9 15 dias \u00fateis, contado da data do requerimento do Usu\u00e1rio, uma declara\u00e7\u00e3o clara e completa, que indique a origem dos dados, a inexist\u00eancia de registro, os crit\u00e9rios utilizados e a finalidade do tratamento, observados os segredos comercial e industrial.<\/p>\n<h2>ALTERA\u00c7\u00c3O NESTA POL\u00cdTICA DE PRIVACIDADE<\/h2>\n<p>Na hip\u00f3tese de ocorrer qualquer altera\u00e7\u00e3o em rela\u00e7\u00e3o \u00e0 finalidade espec\u00edfica do tratamento de Dados Pessoais e Dados Pessoais Sens\u00edveis prevista, ou na forma e dura\u00e7\u00e3o do referido tratamento, na identifica\u00e7\u00e3o da Empresa como controladora dos dados ou nas informa\u00e7\u00f5es compartilhadas pela Empresa e sua finalidade, esta se compromete a informar aos Usu\u00e1rios, com destaque de forma espec\u00edfica do teor das altera\u00e7\u00f5es, conforme previsto no \u00a7 6\u00ba do Artigo 8\u00ba da LGPD.<\/p>\n<h2>ENCARREGADO DA EMPRESA (DPO)<\/h2>\n<p>Caso o Usu\u00e1rio tenha qualquer d\u00favida em rela\u00e7\u00e3o ao tratamento de seus Dados Pessoais ou queira exercer quaisquer de seus direitos como titular do dado pessoal, basta entrar em contato com o Encarregado da Empresa, o Sr Oswaldo por meio do e-mail dpo@lirolla.com.br.<\/p>\n<\/div>\n<\/div>\n<\/div>\n<\/div>\n<\/div>\n<\/div>\n<\/div>\n<\/div>\n<\/section>\n<\/div>\n<\/div>\n<\/div>\n<div class=\"ekit-template-content-markup ekit-template-content-footer ekit-template-content-theme-support\">\n<div class=\"elementor elementor-6679\" data-elementor-type=\"wp-post\" data-elementor-id=\"6679\">\n<div class=\"elementor-inner\">\n<div class=\"elementor-section-wrap\">\n<section class=\"elementor-section elementor-top-section elementor-element elementor-element-574f2d7 elementor-section-boxed elementor-section-height-default elementor-section-height-default\" data-id=\"574f2d7\" data-element_type=\"section\" data-settings=\"{&quot;background_background&quot;:&quot;gradient&quot;}\">\n<div class=\"elementor-container elementor-column-gap-default\">\n<div class=\"elementor-row\">\n<div class=\"elementor-column elementor-col-33 elementor-top-column elementor-element elementor-element-698969b\" data-id=\"698969b\" data-element_type=\"column\">\n<div class=\"elementor-column-wrap elementor-element-populated\">\n<div class=\"elementor-widget-wrap\">\n<div class=\"elementor-element elementor-element-135c585 elementor-widget elementor-widget-heading\" data-id=\"135c585\" data-element_type=\"widget\" data-widget_type=\"heading.default\">\n<div class=\"elementor-widget-container\"><\/div>\n<\/div>\n<\/div>\n<\/div>\n<\/div>\n<\/div>\n<\/div>\n<\/section>\n<\/div>\n<\/div>\n<\/div>\n<\/div>\n<p>&nbsp;<\/p>\n","protected":false},"excerpt":{"rendered":"<p>Pol\u00edtica Privacidade | vlogdoLirolla A Pol\u00edtica de Privacidade da Empresa foi atualizada em Julho de 2022. Com o objetivo de proteger os direitos fundamentais de liberdade e de privacidade e o livre desenvolvimento da personalidade da pessoa natural, a Empresa vlogdoLirolla elaborou a presente Pol\u00edtica de Privacidade, observadas as disposi\u00e7\u00f5es da Lei Geral de Prote\u00e7\u00e3o [&hellip;]<\/p>\n","protected":false},"author":1,"featured_media":0,"parent":0,"menu_order":0,"comment_status":"closed","ping_status":"open","template":"","meta":{"om_disable_all_campaigns":false,"_kadence_starter_templates_imported_post":false,"footnotes":""},"class_list":["post-3","page","type-page","status-publish","hentry"],"_links":{"self":[{"href":"https:\/\/lirolla.com.br\/vlog\/wp-json\/wp\/v2\/pages\/3","targetHints":{"allow":["GET"]}}],"collection":[{"href":"https:\/\/lirolla.com.br\/vlog\/wp-json\/wp\/v2\/pages"}],"about":[{"href":"https:\/\/lirolla.com.br\/vlog\/wp-json\/wp\/v2\/types\/page"}],"author":[{"embeddable":true,"href":"https:\/\/lirolla.com.br\/vlog\/wp-json\/wp\/v2\/users\/1"}],"replies":[{"embeddable":true,"href":"https:\/\/lirolla.com.br\/vlog\/wp-json\/wp\/v2\/comments?post=3"}],"version-history":[{"count":2,"href":"https:\/\/lirolla.com.br\/vlog\/wp-json\/wp\/v2\/pages\/3\/revisions"}],"predecessor-version":[{"id":9648,"href":"https:\/\/lirolla.com.br\/vlog\/wp-json\/wp\/v2\/pages\/3\/revisions\/9648"}],"wp:attachment":[{"href":"https:\/\/lirolla.com.br\/vlog\/wp-json\/wp\/v2\/media?parent=3"}],"curies":[{"name":"wp","href":"https:\/\/api.w.org\/{rel}","templated":true}]}}